{"id":106,"date":"2020-10-08T09:49:01","date_gmt":"2020-10-08T08:49:01","guid":{"rendered":"http:\/\/lavatrix.lavanderiapetrini.com\/?page_id=106"},"modified":"2020-11-25T17:23:57","modified_gmt":"2020-11-25T16:23:57","slug":"lavatrix-project","status":"publish","type":"page","link":"https:\/\/www.idealogic.it\/index.php\/lavatrix-project\/","title":{"rendered":"Lavatrix Project"},"content":{"rendered":"\n<div class=\"wp-block-media-text alignwide is-stacked-on-mobile\" style=\"grid-template-columns:44% auto\"><figure class=\"wp-block-media-text__media\"><img loading=\"lazy\" width=\"1024\" height=\"768\" src=\"https:\/\/www.idealogic.it\/wp-content\/uploads\/2020\/11\/gears-686316_1920-1024x768.jpg\" alt=\"\" class=\"wp-image-148\" srcset=\"https:\/\/www.idealogic.it\/wp-content\/uploads\/2020\/11\/gears-686316_1920-1024x768.jpg 1024w, https:\/\/www.idealogic.it\/wp-content\/uploads\/2020\/11\/gears-686316_1920-300x225.jpg 300w, https:\/\/www.idealogic.it\/wp-content\/uploads\/2020\/11\/gears-686316_1920-768x576.jpg 768w, https:\/\/www.idealogic.it\/wp-content\/uploads\/2020\/11\/gears-686316_1920-1536x1152.jpg 1536w, https:\/\/www.idealogic.it\/wp-content\/uploads\/2020\/11\/gears-686316_1920.jpg 1920w\" sizes=\"(max-width: 767px) 89vw, (max-width: 1000px) 54vw, (max-width: 1071px) 543px, 580px\" \/><\/figure><div class=\"wp-block-media-text__content\">\n<p>La maturit\u00e0 tecnologica delle macchine da lavanderia apre la strada alla necessit\u00e0 da parte della lavanderia industriale di nuove modalit\u00e0 di fruizione del servizio e di interazione con il cliente per conservare o aumentare quote di mercato.<\/p>\n<\/div><\/div>\n\n\n\n<p>In questo contesto IDEALOGIC intende sviluppare soluzioni hardware finalizzate ad un\u2019esperienza utente di livello superiore a quelle attualmente disponibili. Questi dispositivi fisici saranno caratterizzati anche da un\u2019elevata efficienza e un ciclo di vita pi\u00f9 sostenibile dal punto di vista ambientale.<\/p>\n\n\n\n<p>Per lo sviluppo di questi dispositivi IDEALOGIC impiegher\u00e0 tecnologie come:<\/p>\n\n\n\n<ul><li>Internet of Things;<\/li><li>Interfaccia Uomo-Macchine ad elevata ergonomia;<\/li><li>User Experience Design;<\/li><li>RFID e NFC;<\/li><\/ul>\n\n\n\n<p>Dispositivi basati su queste tecnologie saranno alla base di servizi di distribuzione e di produzione ottimizzabili in tempo reale e di nuovi modelli di business intelligenti.<\/p>\n","protected":false},"excerpt":{"rendered":"<p>La maturit\u00e0 tecnologica delle macchine da lavanderia apre la strada alla necessit\u00e0 da parte della lavanderia industriale di nuove modalit\u00e0 di fruizione del servizio e di interazione con il cliente per conservare o aumentare quote di mercato. In questo contesto IDEALOGIC intende sviluppare soluzioni hardware finalizzate ad un\u2019esperienza utente di livello superiore a quelle attualmente &hellip; <\/p>\n<p class=\"link-more\"><a href=\"https:\/\/www.idealogic.it\/index.php\/lavatrix-project\/\" class=\"more-link\">Continue reading<span class=\"screen-reader-text\"> &#8220;Lavatrix Project&#8221;<\/span><\/a><\/p>\n","protected":false},"author":1,"featured_media":0,"parent":0,"menu_order":0,"comment_status":"closed","ping_status":"closed","template":"","meta":[],"_links":{"self":[{"href":"https:\/\/www.idealogic.it\/index.php\/wp-json\/wp\/v2\/pages\/106"}],"collection":[{"href":"https:\/\/www.idealogic.it\/index.php\/wp-json\/wp\/v2\/pages"}],"about":[{"href":"https:\/\/www.idealogic.it\/index.php\/wp-json\/wp\/v2\/types\/page"}],"author":[{"embeddable":true,"href":"https:\/\/www.idealogic.it\/index.php\/wp-json\/wp\/v2\/users\/1"}],"replies":[{"embeddable":true,"href":"https:\/\/www.idealogic.it\/index.php\/wp-json\/wp\/v2\/comments?post=106"}],"version-history":[{"count":6,"href":"https:\/\/www.idealogic.it\/index.php\/wp-json\/wp\/v2\/pages\/106\/revisions"}],"predecessor-version":[{"id":158,"href":"https:\/\/www.idealogic.it\/index.php\/wp-json\/wp\/v2\/pages\/106\/revisions\/158"}],"wp:attachment":[{"href":"https:\/\/www.idealogic.it\/index.php\/wp-json\/wp\/v2\/media?parent=106"}],"curies":[{"name":"wp","href":"https:\/\/api.w.org\/{rel}","templated":true}]}}